{"id":2900,"date":"2026-04-01T06:20:25","date_gmt":"2026-04-01T09:20:25","guid":{"rendered":"https:\/\/martosys.com\/web\/?page_id=2900"},"modified":"2026-04-03T11:43:32","modified_gmt":"2026-04-03T14:43:32","slug":"diseno-web","status":"publish","type":"page","link":"https:\/\/martosys.com\/web\/diseno-web\/","title":{"rendered":"Dise\u00f1o Web"},"content":{"rendered":"\n<div class=\"wp-block-columns alignwide is-layout-flex wp-container-core-columns-is-layout-28f84493 wp-block-columns-is-layout-flex\">\n<div class=\"wp-block-column is-layout-flow wp-block-column-is-layout-flow\" style=\"flex-basis:15%\"><\/div>\n\n\n\n<div class=\"wp-block-column is-layout-flow wp-block-column-is-layout-flow\" style=\"flex-basis:30%\">\t<h3 data-spectra-id=\"spectra-mnfukht5-fqyolx\"\t\tclass=\"wp-block-spectra-content\">\n\t\tDise\u00f1o Web\t<\/h3>\n\n\n\n<p>Tener presencia digital hoy no es un lujo, sino una necesidad b\u00e1sica para cualquier profesional o comercio. Una p\u00e1gina web es tu vidriera abierta las 24 horas, brindando credibilidad y permitiendo que nuevos clientes te encuentren fuera de las redes sociales tradicionales.<br><br><\/p>\n\n\n\n<h4 class=\"wp-block-heading has-text-align-center\">\u00bfPor qu\u00e9 tu negocio necesita una web?<\/h4>\n\n\n\n<ul class=\"wp-block-list\">\n<li><strong>Profesionalismo:<\/strong> Genera confianza inmediata en tus potenciales clientes.<\/li>\n\n\n\n<li><strong>Visibilidad:<\/strong> Aparece en las b\u00fasquedas de Google cuando alguien necesita tus servicios.<\/li>\n\n\n\n<li><strong>Control total:<\/strong> Sos due\u00f1o de tu contenido, sin depender de los cambios de algoritmos de las redes.<\/li>\n\n\n\n<li><strong>Automatizaci\u00f3n:<\/strong> Pod\u00e9s mostrar tus servicios, responder preguntas frecuentes y recibir consultas de forma organizada.<\/li>\n<\/ul>\n\n\n\t<h4 data-spectra-id=\"spectra-mnfvghp4-5lwxj1\"\t\tclass=\"wp-block-spectra-content\">\n\t\t<strong>\u00bfQuer\u00e9s llevar tu proyecto al siguiente nivel?<\/strong>\t<\/h4>\n\n\n\n<p class=\"has-text-align-center\">Consultame para que analicemos juntos la mejor estructura para tu sitio y empecemos a construir tu identidad digital.<\/p>\n<\/div>\n\n\n\n<div class=\"wp-block-column is-layout-flow wp-block-column-is-layout-flow\">\n<figure data-spectra-id=\"spectra-mnfue26b-jaz7wy\" class=\"wp-block-image aligncenter size-large\"><img loading=\"lazy\" decoding=\"async\" width=\"1024\" height=\"682\" src=\"https:\/\/martosys.com\/web\/wp-content\/uploads\/2026\/04\/g2f9260479a70897645b3d8017aefd52380af2375e081a6434434546b043fb744469260bd48d06a866297b6349046dbe8_1280-658240-1024x682.jpg\" alt=\"G2f9260479a70897645b3d8017aefd52380af2375e081a6434434546b043fb744469260bd48d06a866297b6349046dbe8 1280 658240 1024x682\" class=\"wp-image-2915\" title=\"Dise\u00f1o Web\" srcset=\"https:\/\/martosys.com\/web\/wp-content\/uploads\/2026\/04\/g2f9260479a70897645b3d8017aefd52380af2375e081a6434434546b043fb744469260bd48d06a866297b6349046dbe8_1280-658240-1024x682.jpg 1024w, https:\/\/martosys.com\/web\/wp-content\/uploads\/2026\/04\/g2f9260479a70897645b3d8017aefd52380af2375e081a6434434546b043fb744469260bd48d06a866297b6349046dbe8_1280-658240-300x200.jpg 300w, https:\/\/martosys.com\/web\/wp-content\/uploads\/2026\/04\/g2f9260479a70897645b3d8017aefd52380af2375e081a6434434546b043fb744469260bd48d06a866297b6349046dbe8_1280-658240-768x512.jpg 768w, https:\/\/martosys.com\/web\/wp-content\/uploads\/2026\/04\/g2f9260479a70897645b3d8017aefd52380af2375e081a6434434546b043fb744469260bd48d06a866297b6349046dbe8_1280-658240.jpg 1280w\" sizes=\"auto, (max-width: 1024px) 100vw, 1024px\" \/><\/figure>\n\n\n\t<h4 data-spectra-id=\"spectra-mnfvaamk-ghhn0d\"\t\tclass=\"wp-block-spectra-content\">\n\t\t<strong>Mi Propuesta<\/strong>\t<\/h4>\n\n\n\n<p class=\"has-text-align-center\">Ofrezco un servicio de dise\u00f1o y desarrollo web enfocado en la <strong>funcionalidad y la est\u00e9tica<\/strong>, adaptado a las necesidades espec\u00edficas de tu sector. Trabajo con herramientas modernas que permiten una gesti\u00f3n \u00e1gil del contenido.<\/p>\n<\/div>\n\n\n\n<div class=\"wp-block-column is-layout-flow wp-block-column-is-layout-flow\" style=\"flex-basis:15%\"><\/div>\n<\/div>\n\n\n\n<p><\/p>\n\n\n\n<p><\/p>\n","protected":false},"excerpt":{"rendered":"<p>Tener presencia digital hoy no es un lujo, sino una necesidad b\u00e1sica para cualquier profesional o comercio. Una p\u00e1gina web es tu vidriera abierta las 24 horas, brindando credibilidad y permitiendo que nuevos clientes te encuentren fuera de las redes sociales tradicionales. \u00bfPor qu\u00e9 tu negocio necesita una web? Consultame para que analicemos juntos la [&hellip;]<\/p>\n","protected":false},"author":2,"featured_media":0,"parent":0,"menu_order":0,"comment_status":"closed","ping_status":"closed","template":"","meta":{"_uag_custom_page_level_css":"","site-sidebar-layout":"default","site-content-layout":"","ast-site-content-layout":"default","site-content-style":"default","site-sidebar-style":"default","ast-global-header-display":"","ast-banner-title-visibility":"","ast-main-header-display":"","ast-hfb-above-header-display":"","ast-hfb-below-header-display":"","ast-hfb-mobile-header-display":"","site-post-title":"disabled","ast-breadcrumbs-content":"","ast-featured-img":"","footer-sml-layout":"","ast-disable-related-posts":"","theme-transparent-header-meta":"","adv-header-id-meta":"","stick-header-meta":"","header-above-stick-meta":"","header-main-stick-meta":"","header-below-stick-meta":"","astra-migrate-meta-layouts":"set","ast-page-background-enabled":"default","ast-page-background-meta":{"desktop":{"background-color":"","background-image":"","background-repeat":"repeat","background-position":"center center","background-size":"auto","background-attachment":"scroll","background-type":"","background-media":"","overlay-type":"","overlay-color":"","overlay-opacity":"","overlay-gradient":""},"tablet":{"background-color":"","background-image":"","background-repeat":"repeat","background-position":"center center","background-size":"auto","background-attachment":"scroll","background-type":"","background-media":"","overlay-type":"","overlay-color":"","overlay-opacity":"","overlay-gradient":""},"mobile":{"background-color":"","background-image":"","background-repeat":"repeat","background-position":"center center","background-size":"auto","background-attachment":"scroll","background-type":"","background-media":"","overlay-type":"","overlay-color":"","overlay-opacity":"","overlay-gradient":""}},"ast-content-background-meta":{"desktop":{"background-color":"var(--ast-global-color-5)","background-image":"","background-repeat":"repeat","background-position":"center center","background-size":"auto","background-attachment":"scroll","background-type":"","background-media":"","overlay-type":"","overlay-color":"","overlay-opacity":"","overlay-gradient":""},"tablet":{"background-color":"var(--ast-global-color-5)","background-image":"","background-repeat":"repeat","background-position":"center center","background-size":"auto","background-attachment":"scroll","background-type":"","background-media":"","overlay-type":"","overlay-color":"","overlay-opacity":"","overlay-gradient":""},"mobile":{"background-color":"var(--ast-global-color-5)","background-image":"","background-repeat":"repeat","background-position":"center center","background-size":"auto","background-attachment":"scroll","background-type":"","background-media":"","overlay-type":"","overlay-color":"","overlay-opacity":"","overlay-gradient":""}},"_joinchat":[],"footnotes":""},"class_list":["post-2900","page","type-page","status-publish","hentry"],"uagb_featured_image_src":{"full":false,"thumbnail":false,"medium":false,"medium_large":false,"large":false,"1536x1536":false,"2048x2048":false},"uagb_author_info":{"display_name":"martosysadmin","author_link":"https:\/\/martosys.com\/web\/author\/martosysadmin\/"},"uagb_comment_info":0,"uagb_excerpt":"Tener presencia digital hoy no es un lujo, sino una necesidad b\u00e1sica para cualquier profesional o comercio. Una p\u00e1gina web es tu vidriera abierta las 24 horas, brindando credibilidad y permitiendo que nuevos clientes te encuentren fuera de las redes sociales tradicionales. \u00bfPor qu\u00e9 tu negocio necesita una web? Consultame para que analicemos juntos la&hellip;","_links":{"self":[{"href":"https:\/\/martosys.com\/web\/wp-json\/wp\/v2\/pages\/2900","targetHints":{"allow":["GET"]}}],"collection":[{"href":"https:\/\/martosys.com\/web\/wp-json\/wp\/v2\/pages"}],"about":[{"href":"https:\/\/martosys.com\/web\/wp-json\/wp\/v2\/types\/page"}],"author":[{"embeddable":true,"href":"https:\/\/martosys.com\/web\/wp-json\/wp\/v2\/users\/2"}],"replies":[{"embeddable":true,"href":"https:\/\/martosys.com\/web\/wp-json\/wp\/v2\/comments?post=2900"}],"version-history":[{"count":0,"href":"https:\/\/martosys.com\/web\/wp-json\/wp\/v2\/pages\/2900\/revisions"}],"wp:attachment":[{"href":"https:\/\/martosys.com\/web\/wp-json\/wp\/v2\/media?parent=2900"}],"curies":[{"name":"wp","href":"https:\/\/api.w.org\/{rel}","templated":true}]}}