{"id":1578,"date":"2026-03-29T13:02:00","date_gmt":"2026-03-29T16:02:00","guid":{"rendered":"https:\/\/martosys.com\/web\/about\/"},"modified":"2026-04-03T11:50:36","modified_gmt":"2026-04-03T14:50:36","slug":"about","status":"publish","type":"page","link":"https:\/\/martosys.com\/web\/about\/","title":{"rendered":"Sobre mi"},"content":{"rendered":"<div data-spectra-id=\"fdf390d1\"\tstyle=\"overflow: visible;\" class=\"spectra-is-root-container alignfull spectra-overlay-color spectra-overflow wp-block-spectra-container\" data-orientation=\"vertical\"\t>\n\t\n<div data-spectra-id=\"spectra-mfvctmrd-9jz2gz\" style=\"overflow: visible\" class=\"spectra-overlay-color spectra-overflow wp-block-spectra-container\" data-orientation=\"vertical\">\n\t\n<div data-spectra-id=\"40c06c51\" style=\"overflow: visible;--spectra-box-shadow: 0px 0px 0px 0px transparent\" class=\"spectra-overlay-color spectra-overflow spectra-box-shadow wp-block-spectra-container\" data-orientation=\"vertical\">\n\t\n\t<h3 data-spectra-id=\"41a648de\" class=\"uagb-block-41a648de wp-block-spectra-content\">\n\t\t<strong>Sobre m\u00ed<\/strong>\t<\/h3>\n\n\n\t<p data-spectra-id=\"spectra-b4b8c5af-c928-4cf9-93c6-7470da62d6d8\" class=\"wp-block-spectra-content\">\n\t\tMi nombre es Mart\u00edn cuento con m\u00e1s de <strong>25 a\u00f1os de trayectoria<\/strong> en el sector de sistemas, ofrezco una propuesta integral que combina la solidez de la experiencia t\u00e9cnica con la agilidad de las tecnolog\u00edas de vanguardia.<br><br>Mi enfoque no se limita a la asistencia, sino a la creaci\u00f3n de ecosistemas funcionales que potencien cada proyecto profesional.\t<\/p>\n\n\n\n<h4 class=\"wp-block-heading\">\u00bfQu\u00e9 hacemos y c\u00f3mo podemos ayudarte?<\/h4>\n\n\n\n<p style=\"padding-top:0;padding-bottom:10px\">Nuestra propuesta se basa en pilares fundamentales dise\u00f1ados para brindar estabilidad y crecimiento a tu estructura:<\/p>\n\n\n\n<h4 class=\"wp-block-heading\">&#8211; <mark style=\"color:#fcb900\" class=\"has-inline-color\"><strong>Soporte T\u00e9cnico IT:<\/strong><\/mark><\/h4>\n\n\n\n<p style=\"padding-top:0;padding-bottom:10px\">Brindamos soluciones s\u00f3lidas en mantenimiento preventivo y correctivo, tanto a particulares y PyMEs. Nuestra experiencia en gesti\u00f3n de hardware, software y entornos de alto rendimiento <em>asegura que la tecnolog\u00eda sea siempre un aliado y no un obst\u00e1culo<\/em>.<\/p>\n\n\n\n<ul class=\"wp-block-list\">\n<li style=\"margin-right:var(--wp--preset--spacing--50);margin-left:var(--wp--preset--spacing--50)\">Mantenimiento \/ Limpieza de Hardware<\/li>\n\n\n\n<li style=\"margin-right:var(--wp--preset--spacing--50);margin-left:var(--wp--preset--spacing--50)\">Armado de equipos a la medida de sus necesidades<\/li>\n\n\n\n<li style=\"margin-right:var(--wp--preset--spacing--50);margin-left:var(--wp--preset--spacing--50)\">Reemplazo de componentes<\/li>\n\n\n\n<li style=\"margin-right:var(--wp--preset--spacing--50);margin-left:var(--wp--preset--spacing--50)\">Instalaci\u00f3n de programas (software)<\/li>\n\n\n\n<li style=\"margin-right:var(--wp--preset--spacing--50);margin-left:var(--wp--preset--spacing--50)\">Formateo \/ Backups<\/li>\n\n\n\n<li style=\"margin-right:var(--wp--preset--spacing--50);margin-left:var(--wp--preset--spacing--50)\">Recuperaci\u00f3n de datos borrados<\/li>\n\n\n\n<li style=\"margin-right:var(--wp--preset--spacing--50);margin-left:var(--wp--preset--spacing--50)\">Eliminaci\u00f3n de virus<\/li>\n<\/ul>\n\n\n\n<h4 class=\"wp-block-heading\">&#8211; <strong><mark style=\"color:#fcb900\" class=\"has-inline-color\">Optimizaci\u00f3n de Procesos con Excel y Automatizaci\u00f3n de tareas:<\/mark><\/strong><\/h4>\n\n\n\n<p style=\"padding-top:0;padding-bottom:10px\">Desarrollamos planillas personalizadas dise\u00f1adas para transformar la gesti\u00f3n de datos en una herramienta de decisi\u00f3n estrat\u00e9gica. Nuestro enfoque se centra en la <strong><mark style=\"color:#00d084\" class=\"has-inline-color\">automatizaci\u00f3n de tareas repetitivas<\/mark><\/strong> mediante el uso de <strong>Macros (VBA) y f\u00f3rmulas avanzadas<\/strong>, permitiendo que su flujo de trabajo sea <em>m\u00e1s \u00e1gil y libre de errores humanos<\/em>.<\/p>\n\n\n\n<ul class=\"wp-block-list\">\n<li style=\"margin-right:var(--wp--preset--spacing--50);margin-left:var(--wp--preset--spacing--50)\"><strong><mark style=\"color:#fcb900\" class=\"has-inline-color\">Automatizaci\u00f3n con Macros:<\/mark><\/strong> Programamos procesos complejos que se ejecutan con un solo clic, desde la generaci\u00f3n de informes, carga masiva de datos, limpieza de bases de datos, etc&#8230;<\/li>\n\n\n\n<li style=\"margin-top:0;margin-right:var(--wp--preset--spacing--50);margin-bottom:0;margin-left:var(--wp--preset--spacing--50)\"><strong><mark style=\"color:#fcb900\" class=\"has-inline-color\">F\u00f3rmulas de Alta Complejidad:<\/mark><\/strong> Estructuramos c\u00e1lculos din\u00e1micos y tableros de control (Dashboards) que se actualizan en tiempo real.<\/li>\n\n\n\n<li style=\"margin-right:var(--wp--preset--spacing--50);margin-left:var(--wp--preset--spacing--50)\"><strong><mark style=\"color:#fcb900\" class=\"has-inline-color\">Eficiencia Operativa:<\/mark><\/strong> El objetivo principal es que el cliente <strong><mark style=\"color:#00d084\" class=\"has-inline-color\">gane tiempo valioso en su producci\u00f3n<\/mark><\/strong>, eliminando la carga administrativa manual y permitiendo que se enfoque en las tareas que realmente generan valor.<\/li>\n<\/ul>\n\n\n\n<p style=\"padding-top:0;padding-bottom:10px\"><em>Ya sea para el control de inventarios, gesti\u00f3n de costos o reportes financieros, convertimos sus hojas de c\u00e1lculo en sistemas inteligentes y eficientes.<\/em><\/p>\n\n\n\n<h4 class=\"wp-block-heading\">&#8211; <strong><mark style=\"color:#fcb900\" class=\"has-inline-color\">Dise\u00f1o e Impresi\u00f3n 3D a Medida:<\/mark><\/strong><\/h4>\n\n\n\n<p style=\"padding-top:0;padding-bottom:10px\">Contamos con tecnolog\u00eda de fabricaci\u00f3n para la creaci\u00f3n de piezas personalizadas. Desarrollamos y dise\u00f1amos desde cero tanto <strong>componentes t\u00e9cnicos de precisi\u00f3n<\/strong> (repuestos, prototipos funcionales&#8230;) hasta objetos de dise\u00f1o general y decorativos.<\/p>\n\n\n\n<h4 class=\"wp-block-heading\">&#8211; <strong><mark style=\"color:#fcb900\" class=\"has-inline-color\">Desarrollo Web y Presencia Digital:<\/mark><\/strong><\/h4>\n\n\n\n<p style=\"padding-top:0;padding-bottom:10px\">Creamos sitios web profesionales y funcionales, especializados en la optimizaci\u00f3n para que tu negocio tenga una identidad digital fuerte, clara y eficiente.<\/p>\n\n\n\n<h4 class=\"wp-block-heading\">&#8211; <strong><mark style=\"color:#fcb900\" class=\"has-inline-color\">Soluciones de Dise\u00f1o Gr\u00e1fico y Producci\u00f3n:<\/mark><\/strong><\/h4>\n\n\n\n<p style=\"padding-top:0;padding-bottom:10px\">Integramos servicios de dise\u00f1o gr\u00e1fico, vectorizaci\u00f3n y producci\u00f3n publicitaria, transformando conceptos visuales en productos tangibles de alta calidad. <mark style=\"color:#fcb900\" class=\"has-inline-color\">Realizamos dise\u00f1os 100% personalizados de:<\/mark><\/p>\n\n\n\n<ul class=\"wp-block-list\">\n<li style=\"margin-right:var(--wp--preset--spacing--50);margin-left:var(--wp--preset--spacing--50)\">Tarjetas Personales<\/li>\n\n\n\n<li style=\"margin-right:var(--wp--preset--spacing--50);margin-left:var(--wp--preset--spacing--50)\">Flyers<\/li>\n\n\n\n<li style=\"margin-right:var(--wp--preset--spacing--50);margin-left:var(--wp--preset--spacing--50)\">Banners<\/li>\n\n\n\n<li style=\"margin-right:var(--wp--preset--spacing--50);margin-left:var(--wp--preset--spacing--50)\">Etiquetas<\/li>\n\n\n\n<li style=\"margin-right:var(--wp--preset--spacing--50);margin-left:var(--wp--preset--spacing--50)\">Folleteria<\/li>\n\n\n\n<li style=\"margin-right:var(--wp--preset--spacing--50);margin-left:var(--wp--preset--spacing--50)\">y mucho m\u00e1s!<\/li>\n<\/ul>\n\n\n\n<p><em>Trabajamos con m\u00e1s de 40 tipos de papel diferente:<\/em><br><mark style=\"color:#00d084\" class=\"has-inline-color\">Obra \/ Kraft \/ Adhesivos \/ Hologr\u00e1ficos \/ Fotogr\u00e1ficos \/ Ilustraci\u00f3n \/ Acetato y mucho m\u00e1s.<\/mark><\/p>\n\n\n\n<h4 class=\"wp-block-heading\">&#8211; <strong><mark style=\"color:#fcb900\" class=\"has-inline-color\">Implementaci\u00f3n de Inteligencia Artificial:<\/mark><\/strong><\/h4>\n\n\n\n<p style=\"padding-top:0;padding-bottom:10px\">Utilizamos herramientas de IA de \u00faltima generaci\u00f3n para potenciar la comunicaci\u00f3n y productividad de tu negocio. Realizamos:<\/p>\n\n\n\n<ul class=\"wp-block-list\">\n<li style=\"margin-right:var(--wp--preset--spacing--50);margin-left:var(--wp--preset--spacing--50)\"><strong><mark style=\"color:#fcb900\" class=\"has-inline-color\">Transcripci\u00f3n y\/o Traducciones de video y audio a texto<\/mark><\/strong>, ideal para actas de reuniones, subtitulado de contenido o documentaci\u00f3n de conferencias.<\/li>\n<\/ul>\n\n\n\n<ul class=\"wp-block-list\">\n<li style=\"margin-right:var(--wp--preset--spacing--50);margin-left:var(--wp--preset--spacing--50)\"><strong><mark style=\"color:#fcb900\" class=\"has-inline-color\">Generaci\u00f3n de im\u00e1genes personalizadas<\/mark><\/strong> para identidad visual y marketing.<\/li>\n<\/ul>\n\n\n\n<p><\/p>\n\n\n\n<h4 class=\"wp-block-heading\">\u00bfPor qu\u00e9 elegir nuestra experiencia?<\/h4>\n\n\n\n<p style=\"padding-top:0;padding-bottom:10px\">La clave de nuestro servicio es la <strong><mark style=\"color:#00d084\" class=\"has-inline-color\">versatilidad y la precisi\u00f3n<\/mark><\/strong>. Entendemos las necesidades espec\u00edficas de sectores diversos lo que nos permite ofrecer un asesoramiento t\u00e9cnico personalizado y resolutivo.<br><br>Si busc\u00e1s un socio tecnol\u00f3gico que entienda el valor de la funcionalidad y la importancia de una infraestructura confiable, estamos listos para trabajar juntos.<\/p>\n\n\n\n<h4 class=\"wp-block-heading\"><strong>Mi lema es:<\/strong><\/h4>\n\n\n\n<p class=\"has-medium-font-size\"><mark style=\"color:#00d084\" class=\"has-inline-color\">\u201cEn el \u00e1mbito laboral perder tiempo, es perder dinero y posibilidades de crecer\u2026\u201d<\/mark><\/p>\n\n<\/div>\n\n\n<div data-spectra-id=\"458a1fa2\" style=\"overflow: visible\" class=\"spectra-overlay-color spectra-overflow wp-block-spectra-container\" data-orientation=\"vertical\">\n\t\n\n<figure data-spectra-id=\"spectra-mghrwtc0-lgjv7b\" class=\"wp-block-image alignright size-full has-custom-border\"><img loading=\"lazy\" decoding=\"async\" width=\"540\" height=\"540\" src=\"https:\/\/martosys.com\/web\/wp-content\/uploads\/2026\/03\/sysadmin50.jpg\" alt=\"Sysadmin50\" class=\"wp-image-2381\" title=\"Sobre mi\" srcset=\"https:\/\/martosys.com\/web\/wp-content\/uploads\/2026\/03\/sysadmin50.jpg 540w, https:\/\/martosys.com\/web\/wp-content\/uploads\/2026\/03\/sysadmin50-300x300.jpg 300w, https:\/\/martosys.com\/web\/wp-content\/uploads\/2026\/03\/sysadmin50-150x150.jpg 150w\" sizes=\"auto, (max-width: 540px) 100vw, 540px\" \/><\/figure>\n\n\n\n<hr class=\"wp-block-separator has-alpha-channel-opacity\" \/>\n\n\n\t<p data-spectra-id=\"spectra-mnhth0r6-xwodha\" class=\"wp-block-spectra-content\">\n\t\t<mark style=\"color:#00d084\" class=\"has-inline-color\">Dise\u00f1o e impresi\u00f3n 3D de piezas t\u00e9cnicas<\/mark>\t<\/p>\n\n\n\n<figure data-spectra-id=\"spectra-mnhtorjp-kdnt79\" class=\"wp-block-image size-full has-custom-border\"><img loading=\"lazy\" decoding=\"async\" width=\"454\" height=\"520\" src=\"https:\/\/martosys.com\/web\/wp-content\/uploads\/2026\/04\/imagen_2026-04-02_154315529.png\" alt=\"imagen 2026 04 02 154315529\" class=\"wp-image-3206\" title=\"Sobre mi\" srcset=\"https:\/\/martosys.com\/web\/wp-content\/uploads\/2026\/04\/imagen_2026-04-02_154315529.png 454w, https:\/\/martosys.com\/web\/wp-content\/uploads\/2026\/04\/imagen_2026-04-02_154315529-262x300.png 262w\" sizes=\"auto, (max-width: 454px) 100vw, 454px\" \/><\/figure>\n\n\n\n<hr class=\"wp-block-separator has-alpha-channel-opacity\" \/>\n\n\n\t<p data-spectra-id=\"spectra-e4ca7f17-d090-40a1-8970-106dc5c67b06\" class=\"wp-block-spectra-content\">\n\t\t<mark style=\"color:#00d084\" class=\"has-inline-color\">Armado de equipos de alta gama<\/mark>\t<\/p>\n\n\n\n<figure class=\"wp-block-video\"><video height=\"864\" style=\"aspect-ratio: 480 \/ 864\" width=\"480\" autoplay loop muted preload=\"none\" src=\"https:\/\/martosys.com\/web\/wp-content\/uploads\/2026\/04\/mikupgrade.mp4\"><\/video><\/figure>\n\n\n\n<hr class=\"wp-block-separator has-alpha-channel-opacity\" \/>\n\n<\/div>\n\n<\/div>\n\n<\/div>\n\n\n\n<p><\/p>\n","protected":false},"excerpt":{"rendered":"","protected":false},"author":2,"featured_media":0,"parent":0,"menu_order":0,"comment_status":"closed","ping_status":"closed","template":"","meta":{"_uag_custom_page_level_css":"","site-sidebar-layout":"default","site-content-layout":"plain-container","ast-site-content-layout":"normal-width-container","site-content-style":"unboxed","site-sidebar-style":"unboxed","ast-global-header-display":"","ast-banner-title-visibility":"","ast-main-header-display":"","ast-hfb-above-header-display":"","ast-hfb-below-header-display":"","ast-hfb-mobile-header-display":"","site-post-title":"disabled","ast-breadcrumbs-content":"","ast-featured-img":"","footer-sml-layout":"","ast-disable-related-posts":"","theme-transparent-header-meta":"","adv-header-id-meta":"","stick-header-meta":"","header-above-stick-meta":"","header-main-stick-meta":"","header-below-stick-meta":"","astra-migrate-meta-layouts":"set","ast-page-background-enabled":"default","ast-page-background-meta":{"desktop":{"background-color":"","background-image":"","background-repeat":"repeat","background-position":"center center","background-size":"auto","background-attachment":"scroll","background-type":"","background-media":"","overlay-type":"","overlay-color":"","overlay-opacity":"","overlay-gradient":""},"tablet":{"background-color":"","background-image":"","background-repeat":"repeat","background-position":"center center","background-size":"auto","background-attachment":"scroll","background-type":"","background-media":"","overlay-type":"","overlay-color":"","overlay-opacity":"","overlay-gradient":""},"mobile":{"background-color":"","background-image":"","background-repeat":"repeat","background-position":"center center","background-size":"auto","background-attachment":"scroll","background-type":"","background-media":"","overlay-type":"","overlay-color":"","overlay-opacity":"","overlay-gradient":""}},"ast-content-background-meta":{"desktop":{"background-color":"var(--ast-global-color-5)","background-image":"","background-repeat":"repeat","background-position":"center center","background-size":"auto","background-attachment":"scroll","background-type":"","background-media":"","overlay-type":"","overlay-color":"","overlay-opacity":"","overlay-gradient":""},"tablet":{"background-color":"var(--ast-global-color-5)","background-image":"","background-repeat":"repeat","background-position":"center center","background-size":"auto","background-attachment":"scroll","background-type":"","background-media":"","overlay-type":"","overlay-color":"","overlay-opacity":"","overlay-gradient":""},"mobile":{"background-color":"var(--ast-global-color-5)","background-image":"","background-repeat":"repeat","background-position":"center center","background-size":"auto","background-attachment":"scroll","background-type":"","background-media":"","overlay-type":"","overlay-color":"","overlay-opacity":"","overlay-gradient":""}},"_joinchat":[],"footnotes":""},"class_list":["post-1578","page","type-page","status-publish","hentry"],"uagb_featured_image_src":{"full":false,"thumbnail":false,"medium":false,"medium_large":false,"large":false,"1536x1536":false,"2048x2048":false},"uagb_author_info":{"display_name":"martosysadmin","author_link":"https:\/\/martosys.com\/web\/author\/martosysadmin\/"},"uagb_comment_info":0,"uagb_excerpt":null,"_links":{"self":[{"href":"https:\/\/martosys.com\/web\/wp-json\/wp\/v2\/pages\/1578","targetHints":{"allow":["GET"]}}],"collection":[{"href":"https:\/\/martosys.com\/web\/wp-json\/wp\/v2\/pages"}],"about":[{"href":"https:\/\/martosys.com\/web\/wp-json\/wp\/v2\/types\/page"}],"author":[{"embeddable":true,"href":"https:\/\/martosys.com\/web\/wp-json\/wp\/v2\/users\/2"}],"replies":[{"embeddable":true,"href":"https:\/\/martosys.com\/web\/wp-json\/wp\/v2\/comments?post=1578"}],"version-history":[{"count":0,"href":"https:\/\/martosys.com\/web\/wp-json\/wp\/v2\/pages\/1578\/revisions"}],"wp:attachment":[{"href":"https:\/\/martosys.com\/web\/wp-json\/wp\/v2\/media?parent=1578"}],"curies":[{"name":"wp","href":"https:\/\/api.w.org\/{rel}","templated":true}]}}